{"id":9007,"date":"2024-02-20T15:23:46","date_gmt":"2024-02-20T15:23:46","guid":{"rendered":"https:\/\/luizarubenich.com\/?page_id=9007"},"modified":"2024-02-28T17:12:17","modified_gmt":"2024-02-28T17:12:17","slug":"songbook","status":"publish","type":"page","link":"https:\/\/luizarubenich.com\/en\/songbook\/","title":{"rendered":"Songbook"},"content":{"rendered":"<div data-elementor-type=\"wp-page\" data-elementor-id=\"9007\" class=\"elementor elementor-9007\" data-elementor-post-type=\"page\">\n\t\t\t\t<div class=\"elementor-element elementor-element-b69d057 e-flex e-con-boxed e-con e-parent\" data-id=\"b69d057\" data-element_type=\"container\" data-e-type=\"container\">\n\t\t\t\t\t<div class=\"e-con-inner\">\n\t\t<div class=\"elementor-element elementor-element-ec6c875 e-con-full e-flex e-con e-child\" data-id=\"ec6c875\" data-element_type=\"container\" data-e-type=\"container\">\n\t\t\t\t<div class=\"elementor-element elementor-element-c768852 elementor-widget elementor-widget-image\" data-id=\"c768852\" data-element_type=\"widget\" data-e-type=\"widget\" data-widget_type=\"image.default\">\n\t\t\t\t<div class=\"elementor-widget-container\">\n\t\t\t\t\t\t\t\t\t\t\t\t\t\t\t<img fetchpriority=\"high\" decoding=\"async\" width=\"576\" height=\"1024\" src=\"https:\/\/luizarubenich.com\/wp-content\/uploads\/2024\/02\/SONG-BOOK_oficial_Page_01-576x1024.jpg\" class=\"attachment-large size-large wp-image-9098\" alt=\"\" srcset=\"https:\/\/luizarubenich.com\/wp-content\/uploads\/2024\/02\/SONG-BOOK_oficial_Page_01-576x1024.jpg 576w, https:\/\/luizarubenich.com\/wp-content\/uploads\/2024\/02\/SONG-BOOK_oficial_Page_01-169x300.jpg 169w, https:\/\/luizarubenich.com\/wp-content\/uploads\/2024\/02\/SONG-BOOK_oficial_Page_01-768x1365.jpg 768w, https:\/\/luizarubenich.com\/wp-content\/uploads\/2024\/02\/SONG-BOOK_oficial_Page_01-864x1536.jpg 864w, https:\/\/luizarubenich.com\/wp-content\/uploads\/2024\/02\/SONG-BOOK_oficial_Page_01-scaled.jpg 1440w\" sizes=\"(max-width:767px) 480px, 576px\" \/>\t\t\t\t\t\t\t\t\t\t\t\t\t\t\t<\/div>\n\t\t\t\t<\/div>\n\t\t\t\t<\/div>\n\t\t<div class=\"elementor-element elementor-element-5e85600 e-con-full e-flex e-con e-child\" data-id=\"5e85600\" data-element_type=\"container\" data-e-type=\"container\">\n\t\t\t\t<div class=\"elementor-element elementor-element-1d8b3b7 elementor-widget elementor-widget-text-editor\" data-id=\"1d8b3b7\" data-element_type=\"widget\" data-e-type=\"widget\" data-widget_type=\"text-editor.default\">\n\t\t\t\t<div class=\"elementor-widget-container\">\n\t\t\t\t\t\t\t\t\t<p><i><span style=\"font-weight: 400;\">This beautiful book includes lyrics, personal stories, illustration art, chords guitar from my first album Yacy.<\/span><\/i><\/p>\t\t\t\t\t\t\t\t<\/div>\n\t\t\t\t<\/div>\n\t\t\t\t<div class=\"elementor-element elementor-element-ecbc0bc elementor-widget elementor-widget-text-editor\" data-id=\"ecbc0bc\" data-element_type=\"widget\" data-e-type=\"widget\" data-widget_type=\"text-editor.default\">\n\t\t\t\t<div class=\"elementor-widget-container\">\n\t\t\t\t\t\t\t\t\t<p><strong>To download please subscribe to our list<\/strong><\/p>\t\t\t\t\t\t\t\t<\/div>\n\t\t\t\t<\/div>\n\t\t\t\t<div class=\"elementor-element elementor-element-1a249c5 elementor-widget elementor-widget-text-editor\" data-id=\"1a249c5\" data-element_type=\"widget\" data-e-type=\"widget\" data-no-translation=\"\" data-widget_type=\"text-editor.default\">\n\t\t\t\t<div class=\"elementor-widget-container\">\n\t\t\t\t\t\t\t\t\t<p>    <div class=\"std-form-wrap std-form-without-custom-fields std-template-7 std-baixe_meu_songbook\">\r\n    <form method=\"post\" action=\"\" class=\"std-subscription-form\" data-form-alias=\"baixe_meu_songbook\" data-trp-original-action=\"\">\r\n\r\n        <div class=\"std-item-flex\">\r\n    \r\n    <div class=\"std-icon-holder\">\r\n                <img decoding=\"async\" src=\"https:\/\/luizarubenich.com\/wp-content\/plugins\/subscribe-to-download\/images\/template-7-icon.png\" \/>\r\n    <\/div>\r\n\r\n    <div class=\"std-title-wrap\">\r\n                    <\/div>\r\n\r\n\r\n<\/div>\r\n\r\n\r\n\r\n<div class=\"both-fields-wrap\">\r\n            <div class=\"std-field-wrap name-field\">\r\n            <label for=\"std_name\" class=\"sr-only std-hidden-item\">Name<\/label>\r\n            <input type=\"text\" name=\"std_name\" data-field-key=\"std-name\" class=\"std-name std-underline\" placeholder=\"Name\" \/>\r\n        <\/div>\r\n        <!--Email Field-->\r\n    <div class=\"std-field-wrap\">\r\n        <label for=\"std_email\" class=\"sr-only std-hidden-item\">Email<\/label>\r\n        <input type=\"email\" name=\"std_email\" data-field-key=\"std-email\" class=\"std-email std-underline\" placeholder=\"Email\" \/>\r\n    <\/div>\r\n    <!-- Email Field-->\r\n<\/div>\r\n\r\n<!-- Subscribe Button-->\r\n<div class=\"std-field-wrap\">\r\n    <input type=\"submit\" name=\"std_form_submit\" class=\"std-form-submit std-rounded\" value=\"Subscribe and Download\" \/>\r\n\r\n<\/div>\r\n\r\n\r\n\r\n<div class=\"std-form-message\"><\/div>\r\n<span class=\"std-form-loader-wraper\">\r\n    <div class=\"std-form-loader std-form-loader-1\">Loading&#8230;<\/div>\r\n<\/span>    <input type=\"hidden\" name=\"trp-form-language\" value=\"en\"\/><\/form>\r\n<\/div><\/p>\t\t\t\t\t\t\t\t<\/div>\n\t\t\t\t<\/div>\n\t\t\t\t<div class=\"elementor-element elementor-element-6facb75 elementor-widget elementor-widget-text-editor\" data-id=\"6facb75\" data-element_type=\"widget\" data-e-type=\"widget\" data-no-translation=\"\" data-widget_type=\"text-editor.default\">\n\t\t\t\t<div class=\"elementor-widget-container\">\n\t\t\t\t\t<style>.elementor-element-6facb75{display:none !important}<\/style>\t\t\t\t<\/div>\n\t\t\t\t<\/div>\n\t\t\t\t<\/div>\n\t\t\t\t\t<\/div>\n\t\t\t\t<\/div>\n\t\t\t\t<\/div>","protected":false},"excerpt":{"rendered":"<p>Esse lindo livro inclui letras, hist\u00f3rias pessoais, artes das ilustra\u00e7\u00f5es, acordes de viol\u00e3o do meu primeiro \u00e1lbum Yacy. Para baixar por favor inscreva-se em nossa lista<\/p>","protected":false},"author":1,"featured_media":0,"parent":0,"menu_order":0,"comment_status":"closed","ping_status":"closed","template":"","meta":{"footnotes":""},"class_list":["post-9007","page","type-page","status-publish","hentry"],"_links":{"self":[{"href":"https:\/\/luizarubenich.com\/en\/wp-json\/wp\/v2\/pages\/9007","targetHints":{"allow":["GET"]}}],"collection":[{"href":"https:\/\/luizarubenich.com\/en\/wp-json\/wp\/v2\/pages"}],"about":[{"href":"https:\/\/luizarubenich.com\/en\/wp-json\/wp\/v2\/types\/page"}],"author":[{"embeddable":true,"href":"https:\/\/luizarubenich.com\/en\/wp-json\/wp\/v2\/users\/1"}],"replies":[{"embeddable":true,"href":"https:\/\/luizarubenich.com\/en\/wp-json\/wp\/v2\/comments?post=9007"}],"version-history":[{"count":49,"href":"https:\/\/luizarubenich.com\/en\/wp-json\/wp\/v2\/pages\/9007\/revisions"}],"predecessor-version":[{"id":9156,"href":"https:\/\/luizarubenich.com\/en\/wp-json\/wp\/v2\/pages\/9007\/revisions\/9156"}],"wp:attachment":[{"href":"https:\/\/luizarubenich.com\/en\/wp-json\/wp\/v2\/media?parent=9007"}],"curies":[{"name":"wp","href":"https:\/\/api.w.org\/{rel}","templated":true}]}}